{"id":8,"date":"2010-10-26T14:34:23","date_gmt":"2010-10-26T12:34:23","guid":{"rendered":"http:\/\/kirikulugu.ee\/v2\/"},"modified":"2013-05-29T15:10:51","modified_gmt":"2013-05-29T15:10:51","slug":"pohikiri","status":"publish","type":"page","link":"https:\/\/kirikulugu.ee\/?page_id=8","title":{"rendered":"P\u00f5hikiri"},"content":{"rendered":"<p><strong>I \u00dclds\u00e4tted<\/strong><\/p>\n<p>1. Eesti Kirikuloo Selts (edaspidi: Selts) on mittetulundus\u00fching. Seltsi asukoht on Tartu linn, Eesti Vabariik.<br \/>\n2. Selts on juriidiline isik k\u00f5igi sellest tulenevate \u00f5iguste ja kohustustega.<br \/>\n3. Selts juhindub oma tegevuses Eesti Vabariigi seadustest ja oma p\u00f5hikirjast.<br \/>\n4. Seltsi majandusaasta on kalendriaasta.<\/p>\n<p><strong>II Eesm\u00e4rgid ja tegevus<\/strong><\/p>\n<p>5. Seltsi eesm\u00e4rgiks on:<br \/>\na) toetada, edendada ja propageerida Eesti kirikuloo uurimist;<br \/>\nb) luua kontakte Eesti kirikuloo uurijate vahel.<\/p>\n<p>6. Oma eesm\u00e4rkide saavutamiseks Selts:<br \/>\na) kogub ja s\u00e4ilitab kirikulooga seotud materjali;<br \/>\nb) avaldab ja levitab kirikuloolist materjali ja uurimusi;<br \/>\nc) korraldab ettekandekoosolekuid, seminare, konverentse ja seltskondlikke \u00fcritusi;<br \/>\nd) annab toetusi, stipendiume ja preemiaid;<br \/>\ne) teeb koost\u00f6\u00f6d teiste samalaadsete \u00fchingute ja seltsidega;<br \/>\nf) s\u00f5lmib ja hoiab alal kontakte kirikuloo uurijatega ning \u00f5ppe- ja teadusasutustega nii kodu- kui v\u00e4lismaal;<br \/>\ng) korraldab majandustegevust p\u00f5hikirjas m\u00e4rgitud eesm\u00e4rkide saavutamiseks ja \u00fclesannete t\u00e4itmiseks.<\/p>\n<p><strong>III Liikmeskond<\/strong><\/p>\n<p>7. Seltsi liikmeks v\u00f5ivad olla k\u00f5ik f\u00fc\u00fcsilised ja juriidilised isikud kes tunnistavad Seltsi p\u00f5hikirja ja kelle Seltsi juhatus on kirjaliku avalduse alusel liikmeks vastu v\u00f5tnud. Juhatus teatab avalduse esitanud isikule vastuv\u00f5tmisest v\u00f5i sellest keeldumisest hiljemalt kahe kuu jooksul avalduse laekumisest arvates.<\/p>\n<p>8. Seltsi \u00fcldkogul on \u00f5igus juhatuse ettepaneku alusel kutsuda Seltsi auliikmeks isikuid, kellel on silmapaistvaid teeneid kirikuloo uurimisel ja tutvustamisel. Auliikmetel on Seltsi teiste liikmetega samad \u00f5igused. Auliikmed on vabastatud liikmemaksust.<\/p>\n<p>9. Seltsi liikmel on \u00f5igus:<br \/>\na) osaleda Seltsi \u00fcritustel;<br \/>\nb) kasutada Seltsi kogusid vastavalt juhatuse poolt kinnitatud kogude kasutamise korrale;<br \/>\nc) valida ja olla valitud Seltsi organitesse;<br \/>\nd) v\u00f5tta h\u00e4\u00e4le\u00f5igusega osa \u00fcldkogust;<br \/>\ne) juhatusele esitatud kirjaliku avalduse alusel Seltsist v\u00e4lja astuda.<\/p>\n<p>10. Seltsi liikmel on kohustus:<br \/>\na) kaasa aidata Seltsi eesm\u00e4rkide teostamisele;<br \/>\nb) tasuda liikmemaksu.<\/p>\n<p>11. Juhatus v\u00f5ib Seltsist v\u00e4lja arvata liikme, kes ei t\u00e4ida p\u00f5hikirja n\u00f5udeid, pole ilma m\u00f5juva p\u00f5hjuseta kahe aasta jooksul tasunud liikmemaksu, tegutseb Seltsi eesm\u00e4rkide vastu v\u00f5i kahjustab Seltsi mainet. P\u00e4rast v\u00e4lja arvamise otsust teatab juhatus sellest v\u00e4lja arvatud liikmele \u00fche kuu jooksul.<\/p>\n<p><strong>IV \u00dcldkogu<\/strong><\/p>\n<p>12. Seltsi k\u00f5rgeimaks organiks on v\u00e4hemalt kord aastas toimuv \u00fcldkogu.<\/p>\n<p>13. Seltsi \u00fcldkogu kutsub kokku juhatus, teatades \u00fcldkogu toimumisest ja p\u00e4evakorrast Seltsi liikmetele v\u00e4hemalt kuu aega ette. Vastav teade saadetakse Seltsi liikmetele kas kirjalikult v\u00f5i avaldatakse m\u00f5nes \u00fcle-eestilises p\u00e4evalehes.<\/p>\n<p>14. Erakorraline \u00fcldkogu kutsutakse kokku juhatuse otsusel v\u00f5i kui seda n\u00f5uab juhatusele tehtud kirjalikus esildises v\u00e4hemalt 1\/10 Seltsi liikmetest.<\/p>\n<p>15.\u00dcldkogu:<br \/>\na) kinnitab Seltsi tegevuskavad, eelarved ja aruanded;<br \/>\nb) m\u00e4\u00e4rab kindlaks iga-aastase liikmemaksu suuruse;<br \/>\nc) valib Seltsi esimehe, kes on automaatselt ka juhatuse esimeheks;<br \/>\nd) valib juhatuse ja revisjonikomisjoni;<br \/>\ne) otsustab p\u00f5hikirja muutmise ja tegevuse l\u00f5petamise.<\/p>\n<p>16. \u00dcldkogu on otsustusv\u00f5imeline, kui see on kokku kutsutud vastavalt p\u00f5hikirjale ja selles osaleb v\u00f5i on esindatud \u00fcle poole Seltsi liikmetest.<\/p>\n<p>17. Kui \u00fcldkogu ei ole p\u00f5hikirja punktis 16 s\u00e4testatu kohaselt p\u00e4dev otsuseid vastu v\u00f5tma, kutsub juhatus kolme n\u00e4dala jooksul kokku uue \u00fcldkogu sama p\u00e4evakorraga. Uus \u00fcldkogu on p\u00e4dev vastu v\u00f5tma otsuseid s\u00f5ltumata osalevate liikmete arvust, kui \u00fcldkogus osaleb v\u00f5i on esindatud v\u00e4hemalt kolm liiget.<\/p>\n<p>18. \u00dcldkogu otsused v\u00f5etakse vastu lihth\u00e4\u00e4lteenamusega, kui p\u00f5hikiri v\u00f5i seadus ei m\u00e4\u00e4ra teisiti. V\u00f5rdse arvu h\u00e4\u00e4lte korral viiakse l\u00e4bi kordush\u00e4\u00e4letus. Kui ka siis jagunevad h\u00e4\u00e4led v\u00f5rdselt, on otsustav koosoleku juhataja h\u00e4\u00e4l.<\/p>\n<p><strong>V Juhatus<\/strong><\/p>\n<p>19. \u00dcldkogu vaheaegadel juhib Seltsi tegevust kaheks aastaks valitud v\u00e4hemalt 5-liikmeline juhatus, kuhu kuuluvad juhatuse esimees, aseesimees, sekret\u00e4r, laekur ja v\u00e4hemalt \u00fcks liige. Juhatus valib enda hulgast aseesimehe, sekret\u00e4ri, laekuri jt. vajalikud ametipidajad.<\/p>\n<p>20. Juhatuse koosoleku kutsub kokku esimees, kui selleks on tema arvates vajadus v\u00f5i kui v\u00e4hemalt pooled juhatuse liikmed seda n\u00f5uavad. Kui esimees mingil p\u00f5hjusel ei saa juhatust kokku kutsuda, on juhatuse kokkukutsumise \u00f5igus aseesimehel. Juhatuse kokkukutsumisest teatatakse juhatuse liikmetele kirjalikult v\u00e4hemalt kaks n\u00e4dalat ette.<\/p>\n<p>21. Juhatuse koosolek on otsustusv\u00f5imeline, kui kohal on \u00fcle poole juhatuse liikmeist, nende hulgas esimees v\u00f5i aseesimees. Koosolekut juhatab esimees v\u00f5i aseesimees. Otsused v\u00f5etakse vastu lihth\u00e4\u00e4lteenamusega. H\u00e4\u00e4lte v\u00f5rdse jagunemise korral otsustab koosoleku juhataja h\u00e4\u00e4l. Koosolekud protokollitakse.<\/p>\n<p>22. Juhatus:<\/p>\n<p>a) otsustab Seltsi liikmeks vastuv\u00f5tmise ja Seltsist v\u00e4lja arvamise k\u00fcsimused;<br \/>\nb) teeb \u00fcldkogule ettepanekuid auliikmete kutsumiseks;<br \/>\nc) valmistab ette ja esitab \u00fcldkogule iga-aastase tegevuskava ja eelarve;<br \/>\nd) valmistab ette ja esitab \u00fcldkogule l\u00f5ppenud aasta tegevus- ja majandusaasta aruande;<br \/>\ne) k\u00e4sutab Seltsi vara ja otsustab lepingute s\u00f5lmimised oma p\u00e4devuse piires;<br \/>\nf) v\u00f5tab t\u00f6\u00f6le ja vabastab palgalisi t\u00f6\u00f6tajaid ning kinnitab nende t\u00f6\u00f6\u00fclesanded;<br \/>\ng) esitab revisjonikomisjonile l\u00f5ppenud aasta tegevus- ja majandusaasta aruande v\u00e4hemalt kolm p\u00e4eva enne aastakoosoleku toimumist.<\/p>\n<p>23. Esimehel ja aseesimehel on \u00f5igus esindada seltsi \u00fcksinda. \u00dclej\u00e4\u00e4nud juhatuse liikmetel on \u00f5igus esindada seltsi \u00fchiselt.<\/p>\n<p><strong>VI Revisjonikomisjon<\/strong><\/p>\n<p>24. Seltsi eesm\u00e4rgip\u00e4rase ja rahalise tegevuse revideerimiseks valib \u00fcldkogu Seltsi liikmete hulgast kaheks aastaks 3-liikmelise revisjonikomisjoni, kes valib enda hulgast esimehe ja sekret\u00e4ri. Revisjon toimub v\u00e4hemalt kord aastas. Revisjonikomisjoni ei saa kuuluda juhatuse liikmed ega Seltsi palgalised t\u00f6\u00f6tajad.<\/p>\n<p><strong>VII Seltsi vara<\/strong><\/p>\n<p>25. Seltsi vara tekib:<br \/>\na) liikmemaksudest;<br \/>\nb) annetustest ja toetustest;<br \/>\nc) tulust, mis tekib Seltsi v\u00e4ljaannete levitamisest;<br \/>\nd) oma vahendite pangaprotsentidest;<br \/>\ne) muudest seaduslikest allikatest.<\/p>\n<p><strong>VIII P\u00f5hikirja muutmine, Seltsi \u00fchinemine, jagunemine ja tegevuse l\u00f5petamine<\/strong><\/p>\n<p>26. Otsus p\u00f5hikirja muutmise, Seltsi \u00fchinemise, jagunemise v\u00f5i tegevuse l\u00f5petamise kohta v\u00f5etakse vastu v\u00e4hemalt kahe kolmandiku (2\/3) \u00fcldkogus osalevate v\u00f5i esindatud liikmete poolth\u00e4\u00e4ltega. P\u00f5hikirja muutmist v\u00f5i Seltsi tegevuse l\u00f5petamist k\u00e4sitlev p\u00e4evakorrapunkt peab sisalduma ka \u00fcldkogu kokkukutsumise teates.<\/p>\n<p>27. P\u00e4rast tegevuse l\u00f5petamise otsuse vastuv\u00f5tmist moodustatakse k\u00f5igist juhatuse liikmetest likvideerimiskomisjon. Viimane teostab Seltsi varade revisjoni ja korraldab nende \u00fcleandmise \u00fchele v\u00f5i mitmele Seltsiga sarnaseid eesm\u00e4rke taotlevale organisatsioonile.<\/p>\n","protected":false},"excerpt":{"rendered":"<p>I \u00dclds\u00e4tted 1. Eesti Kirikuloo Selts (edaspidi: Selts) on mittetulundus\u00fching. Seltsi asukoht on Tartu linn, Eesti Vabariik. 2. Selts on juriidiline isik k\u00f5igi sellest tulenevate \u00f5iguste ja kohustustega. 3. Selts juhindub oma tegevuses Eesti Vabariigi seadustest ja oma p\u00f5hikirjast. 4. &hellip; <a href=\"https:\/\/kirikulugu.ee\/?page_id=8\">J\u00e4tka lugemist <span class=\"meta-nav\">&rarr;<\/span><\/a><\/p>\n","protected":false},"author":1,"featured_media":0,"parent":127,"menu_order":1,"comment_status":"closed","ping_status":"closed","template":"","meta":{"footnotes":""},"_links":{"self":[{"href":"https:\/\/kirikulugu.ee\/index.php?rest_route=\/wp\/v2\/pages\/8"}],"collection":[{"href":"https:\/\/kirikulugu.ee\/index.php?rest_route=\/wp\/v2\/pages"}],"about":[{"href":"https:\/\/kirikulugu.ee\/index.php?rest_route=\/wp\/v2\/types\/page"}],"author":[{"embeddable":true,"href":"https:\/\/kirikulugu.ee\/index.php?rest_route=\/wp\/v2\/users\/1"}],"replies":[{"embeddable":true,"href":"https:\/\/kirikulugu.ee\/index.php?rest_route=%2Fwp%2Fv2%2Fcomments&post=8"}],"version-history":[{"count":1,"href":"https:\/\/kirikulugu.ee\/index.php?rest_route=\/wp\/v2\/pages\/8\/revisions"}],"predecessor-version":[{"id":158,"href":"https:\/\/kirikulugu.ee\/index.php?rest_route=\/wp\/v2\/pages\/8\/revisions\/158"}],"up":[{"embeddable":true,"href":"https:\/\/kirikulugu.ee\/index.php?rest_route=\/wp\/v2\/pages\/127"}],"wp:attachment":[{"href":"https:\/\/kirikulugu.ee\/index.php?rest_route=%2Fwp%2Fv2%2Fmedia&parent=8"}],"curies":[{"name":"wp","href":"https:\/\/api.w.org\/{rel}","templated":true}]}}