{"id":183,"date":"2013-05-30T13:22:13","date_gmt":"2013-05-30T13:22:13","guid":{"rendered":"http:\/\/kirikulugu.ee\/?page_id=183"},"modified":"2013-05-30T13:34:22","modified_gmt":"2013-05-30T13:34:22","slug":"teated-2","status":"publish","type":"page","link":"https:\/\/kirikulugu.ee\/?page_id=183","title":{"rendered":"Teated"},"content":{"rendered":"<h2 class=\"post-to-page-title\"><a href=\"https:\/\/kirikulugu.ee\/?p=369\">Konverents \u201e\u00dchine tunnistus\u201c, Tartu \u00dclikoolis 5. juunil 2025<\/a><\/h2>\n<span class=\"post-to-page-date\">2025-05-24 13:31:18<\/span>\n<span class=\"post-to-page-author\">admin<\/span>\n<div class=\"post-to-page-content\">\n\n<p>Sel aastal m\u00f6\u00f6dub 1700 aastat esimesest oikumeenilisest kirikukogust Nikaias. Kirikukogu aastap\u00e4eva t\u00e4histamiseks toimub 5. juunil Tartu \u00dclikoolis konverents \u201e\u00dchine tunnistus\u201c, mis k\u00e4sitleb Nikaia kirikukogu nii kiriku ajaloo kui ka kirikute t\u00e4nap\u00e4evaste \u00fchtsusp\u00fc\u00fcdluste kontekstis.<\/p>\n\n\n\n<p><strong>Konverentsi kava<\/strong><\/p>\n\n\n\n<p><strong>10.45\u201311.00<\/strong>&nbsp;\u2013 Kogunemine<\/p>\n\n\n\n<p><strong>11.00\u201311.30<\/strong>&nbsp;\u2013 Tervitused (Tartu \u00dclikooli usuteaduskonna asejuhataja Priit Rohtmets, Eesti Kirikute N\u00f5ukogu presidendi kohuset\u00e4itja Erki Tamm, Eesti Kirikuloo Seltsi esimees Toivo Pilli, Akadeemilise Teoloogia Seltsi esimees Urmas N\u00f5mmik)<\/p>\n\n\n\n<p><strong>11.30\u201313.00 \u2013 Tunnistatud \u00fchtsus: Nikaia kirikukogu ajalooline kontekst ja t\u00e4hendus<\/strong><\/p>\n\n\n\n<p><strong>Tarmo Toom<\/strong>, \u201e325. aasta Nikaia sinodaalusutunnistus ja sinodaalortodoksia\u201c<\/p>\n\n\n\n<p><strong>Tauri T\u00f6lpt<\/strong>, \u201eNikaia kirikukogu kanooniline p\u00e4rand\u201c<\/p>\n\n\n\n<p><strong>13.00\u201314.00 \u2013&nbsp;<\/strong>l\u00f5una \u00dclikooli Kohvikus<\/p>\n\n\n\n<p><strong>14.00\u201316.00 \u2013 Otsides \u00fchtsust: Nikaia ja kaasaja oikumeenia<\/strong><\/p>\n\n\n\n<p><strong>Priit Rohtmets<\/strong>,<strong>&nbsp;<\/strong>\u201e1925. aasta Stockholmi konverents ja kaasaja oikumeenilise liikumise algus\u201c<\/p>\n\n\n\n<p><strong>Wodek Szczepanik<\/strong>, \u201eKaasaja oikumeenia saavutused ja v\u00e4ljakutsed \u2013 Rooma-katoliku kiriku perspektiiv\u201c<\/p>\n\n\n\n<p><strong>Tauno Teder<\/strong>, \u201eKaasaja oikumeenia saavutused ja v\u00e4ljakutsed \u2013 luterlik perspektiiv\u201c<\/p>\n\n\n\n<p><strong>Ringo Ringvee<\/strong>, \u201eOikumeenia t\u00e4htsus ja t\u00e4hendus riigi perspektiivist\u201c<\/p>\n\n\n\n<hr class=\"wp-block-separator has-alpha-channel-opacity\"\/>\n\n\n\n<p><em>Konverentsi korraldavad Tartu \u00dclikooli usuteaduskond, Eesti Kirikute N\u00f5ukogu, Eesti Kirikuloo Selts ja Akadeemiline Teoloogia Selts.<\/em><\/p>\n<\/div>\nPosted in: <span class=\"post-to-page-categories\"><a href=\"https:\/\/kirikulugu.ee\/?cat=1\">Teated<\/a><\/span><span class=\"post-to-page-image\"><a href=\"https:\/\/kirikulugu.ee\/?p=369\"><\/a><\/span>\n<span class=\"post-to-page-readmore\"><a href=\"https:\/\/kirikulugu.ee\/?p=369\">Read more...<\/a><\/span>\n<span class=\"post-to-page-comment-count\">0 comments<\/span>\n<hr class=\"post-to-page-separator\" \/>\n<h2 class=\"post-to-page-title\"><a href=\"https:\/\/kirikulugu.ee\/?p=364\">S\u00fcgisene konverents \"Carl P. L. Maurach 200\"<\/a><\/h2>\n<span class=\"post-to-page-date\">2024-10-04 04:38:50<\/span>\n<span class=\"post-to-page-author\">admin<\/span>\n<div class=\"post-to-page-content\">\n\n<p><\/p>\n\n\n\n<p>Reedel, 18. oktoobril, algusega kell 9.30 toimub P\u00f5ltsamaa kiriklas Eesti Kirikuloo Seltsi konverents, mis on p\u00fchendatud pastor Carl Peter Ludwig Maurachi 200. s\u00fcnniaastap\u00e4evalt.  Tere tulemast!<\/p>\n\n\n\n<p><strong>KAVA<\/strong><\/p>\n\n\n\n<p>09:30 kogunemine ja kohv\u00a0<\/p>\n\n\n\n<p><strong>10:15 &#8211; 11:00 Ettekanne 1: Maurach ja tema aeg Eesti kirikuloos (Andres Andresen)<\/strong><\/p>\n\n\n\n<p>11:00 &#8211; 11:15 m\u00f5tte(vahetuse)paus<\/p>\n\n\n\n<p><strong>11:15 &#8211; 12:00 Ettekanne 2: P\u00f5ltsamaa Maurachi ajal (Ursula Haava)<\/strong><\/p>\n\n\n\n<p>12:00 &#8211; 12:15 m\u00f5tte(vahetuse)paus<\/p>\n\n\n\n<p><strong>12:15 &#8211; 13:00 Ettekanne 3: Maurach ja tema suhe kiriku lauluraamatutega (Kristel Neitsov-Mauer)<\/strong><\/p>\n\n\n\n<p>13:00 &#8211; 13:15 m\u00f5tte(vahetuse)paus<\/p>\n\n\n\n<p><strong>13:15 &#8211; 14:15 l\u00f5una<\/strong>&nbsp;<\/p>\n\n\n\n<p><strong>14:15 &#8211; 15:00 palvus kirikus<\/strong>, kus laulame Maurachi t\u00f5lgitud laule<\/p>\n\n\n\n<p>15:00 \u2013 15:30 kohv ja kook<\/p>\n\n\n\n<p><strong>15.30 &#8211; 17:00 ekskursioon P\u00f5ltsamaal Maurachiga seotud paikades<\/strong><\/p>\n\n\n\n<figure class=\"wp-block-image size-large\"><img decoding=\"async\" loading=\"lazy\" width=\"1024\" height=\"443\" src=\"https:\/\/kirikulugu.ee\/wp-content\/uploads\/Maurch-Konv_4-1024x443.png\" alt=\"\" class=\"wp-image-365\" srcset=\"https:\/\/kirikulugu.ee\/wp-content\/uploads\/Maurch-Konv_4-1024x443.png 1024w, https:\/\/kirikulugu.ee\/wp-content\/uploads\/Maurch-Konv_4-300x130.png 300w, https:\/\/kirikulugu.ee\/wp-content\/uploads\/Maurch-Konv_4-768x332.png 768w, https:\/\/kirikulugu.ee\/wp-content\/uploads\/Maurch-Konv_4-1536x664.png 1536w, https:\/\/kirikulugu.ee\/wp-content\/uploads\/Maurch-Konv_4.png 1828w\" sizes=\"(max-width: 1024px) 100vw, 1024px\" \/><\/figure>\n<\/div>\nPosted in: <span class=\"post-to-page-categories\"><a href=\"https:\/\/kirikulugu.ee\/?cat=1\">Teated<\/a><\/span><span class=\"post-to-page-image\"><a href=\"https:\/\/kirikulugu.ee\/?p=364\"><\/a><\/span>\n<span class=\"post-to-page-readmore\"><a href=\"https:\/\/kirikulugu.ee\/?p=364\">Read more...<\/a><\/span>\n<span class=\"post-to-page-comment-count\">0 comments<\/span>\n<hr class=\"post-to-page-separator\" \/>\n<h2 class=\"post-to-page-title\"><a href=\"https:\/\/kirikulugu.ee\/?p=357\">Ettekande- ja \u00fcldkoosolek Tartus 12.05.2023<\/a><\/h2>\n<span class=\"post-to-page-date\">2023-04-19 11:03:16<\/span>\n<span class=\"post-to-page-author\">admin<\/span>\n<div class=\"post-to-page-content\">\n\n<p class=\"has-text-align-left\">Eesti Kirikuloo Seltsi\u00a0ettekandekoosolek\u00a0leiab aset\u00a0<strong>reedel, 12. mail kell 15.15 Tartu \u00dclikooli peahoone auditooriumis 307<\/strong>. <\/p>\n\n\n\n<p class=\"has-text-align-left\">Ettekande peab<strong>\u00a0Margarita Pugri<\/strong>\u00a0teemal\u00a0<strong>&#8220;Vabakoguduste palvemajade arhitektuurist&#8221;<\/strong>. Kuulama on oodatud k\u00f5ik huvilised. Ootame rohket osav\u00f5ttu!<\/p>\n\n\n\n<p class=\"has-text-align-left\">Ettekandekoosoleku j\u00e4rel toimub ainult seltsi liikmetele m\u00f5eldud seltsi\u00a0\u00fcldkoosolek. <\/p>\n\n\n\n<p class=\"has-text-align-left\">P\u00e4evakord:<\/p>\n\n\n\n<p class=\"has-text-align-left\">1. Seltsi 2022. aasta aruandluse \u00e4rakuulamine ja kinnitamine;<\/p>\n\n\n\n<p class=\"has-text-align-left\">2. Seltsi p\u00f5hikirja muutmine;<\/p>\n\n\n\n<p class=\"has-text-align-left\">3. Uue juhatuse ja revisjonikomisjoni valimine.<\/p>\n\n\n\n<figure class=\"wp-block-image size-large\"><img decoding=\"async\" loading=\"lazy\" width=\"1024\" height=\"539\" src=\"https:\/\/kirikulugu.ee\/wp-content\/uploads\/Eesti-Kirikuloo-Seltsi-kevadkoosolek-FB-1024x539.png\" alt=\"\" class=\"wp-image-361\" srcset=\"https:\/\/kirikulugu.ee\/wp-content\/uploads\/Eesti-Kirikuloo-Seltsi-kevadkoosolek-FB-1024x539.png 1024w, https:\/\/kirikulugu.ee\/wp-content\/uploads\/Eesti-Kirikuloo-Seltsi-kevadkoosolek-FB-300x158.png 300w, https:\/\/kirikulugu.ee\/wp-content\/uploads\/Eesti-Kirikuloo-Seltsi-kevadkoosolek-FB-768x404.png 768w, https:\/\/kirikulugu.ee\/wp-content\/uploads\/Eesti-Kirikuloo-Seltsi-kevadkoosolek-FB-1536x809.png 1536w, https:\/\/kirikulugu.ee\/wp-content\/uploads\/Eesti-Kirikuloo-Seltsi-kevadkoosolek-FB-2048x1078.png 2048w\" sizes=\"(max-width: 1024px) 100vw, 1024px\" \/><\/figure>\n<\/div>\nPosted in: <span class=\"post-to-page-categories\"><a href=\"https:\/\/kirikulugu.ee\/?cat=1\">Teated<\/a><\/span><span class=\"post-to-page-image\"><a href=\"https:\/\/kirikulugu.ee\/?p=357\"><\/a><\/span>\n<span class=\"post-to-page-readmore\"><a href=\"https:\/\/kirikulugu.ee\/?p=357\">Read more...<\/a><\/span>\n<span class=\"post-to-page-comment-count\">0 comments<\/span>\n<hr class=\"post-to-page-separator\" \/>\n<h2 class=\"post-to-page-title\"><a href=\"https:\/\/kirikulugu.ee\/?p=340\">Konverents \"Eesti kirikuloo uurimisest tagasi- ja edasivaates\" 14.10.2022<\/a><\/h2>\n<span class=\"post-to-page-date\">2022-09-17 08:07:42<\/span>\n<span class=\"post-to-page-author\">admin<\/span>\n<div class=\"post-to-page-content\">\n\n<p>Eesti Kirikuloo Seltsi 25. aastap\u00e4evale p\u00fchendatud konverents toimub <strong>Tartu \u00dclikooli peahoones, <\/strong><strong>usuteaduskonna&nbsp;auditooriumis 307 reedel, 14. oktoobril 2022, kell 14.15<\/strong>. Konverents on k\u00f5igile osalejatele tasuta, osalema on oodatud nii seltsi liikmed kui ka teised kirikuloo huvilised.<\/p>\n\n\n\n<p><strong>Konverentsi kava:<\/strong><\/p>\n\n\n\n<p>14.15\u201316.15<\/p>\n\n\n\n<p>Avas\u00f5nad:<\/p>\n\n\n\n<p>Toivo Pilli, Eesti Kirikuloo Seltsi esimees<\/p>\n\n\n\n<p>Roland Karo, Tartu \u00dclikooli usuteaduskonna juhataja<\/p>\n\n\n\n<p>Ettekanded:<\/p>\n\n\n\n<p>prof Riho Altnurme (Tartu), &#8220;Eesti kirikuloo uurimise ajaloost&#8221; (eesti keeles)<\/p>\n\n\n\n<p>prof Valdis Teraudkalns (Riia), &#8220;History of Christianity in Latvia: Trends and Tensions&#8221; (inglise keeles)<\/p>\n\n\n\n<p>dr Mikko Ketola (Helsingi), &#8220;Finnish Church History Research during the Last 100 Years&#8221; (inglise keeles)<\/p>\n\n\n\n<p>16.15\u201316.45 Vaheaeg<\/p>\n\n\n\n<p>16.45\u201318.00<\/p>\n\n\n\n<p>Usuteadusliku Ajakirja erinumbri &#8220;Eesti Kirikuloo Selts 25&#8221; esitlus<\/p>\n\n\n\n<p>Paneeldiskussioon &#8220;Eesti kirikuloo uurimise tulevikule m\u00f5eldes&#8221;<\/p>\n\n\n\n<p>Konverentsile eelneb Tartu \u00dclikooli&nbsp;<strong>usuteaduskonna \u00f5ppej\u00f5udude haudade k\u00fclastamine<\/strong>&nbsp;<strong>Raadi kalmistul<\/strong>. K\u00fclastame Olaf Silla, Pille Valgu, Marju Lepaj\u00f5e ja Urmas Petti haudu. Kogunemine&nbsp;samal p\u00e4eval <strong>kell 11.00<\/strong>&nbsp;kalmistu Narva maantee poolses v\u00e4ravas (Maxima kaupluse juures).<\/p>\n\n\n\n<figure class=\"wp-block-image size-large is-resized\"><img decoding=\"async\" loading=\"lazy\" src=\"http:\/\/kirikulugu.ee\/wp-content\/uploads\/Kirikuloo_selts25_A4-724x1024.jpg\" alt=\"\" class=\"wp-image-342\" width=\"431\" height=\"608\" srcset=\"https:\/\/kirikulugu.ee\/wp-content\/uploads\/Kirikuloo_selts25_A4-212x300.jpg 212w, https:\/\/kirikulugu.ee\/wp-content\/uploads\/Kirikuloo_selts25_A4-768x1086.jpg 768w\" sizes=\"(max-width: 431px) 100vw, 431px\" \/><\/figure>\n<\/div>\nPosted in: <span class=\"post-to-page-categories\"><a href=\"https:\/\/kirikulugu.ee\/?cat=1\">Teated<\/a><\/span><span class=\"post-to-page-image\"><a href=\"https:\/\/kirikulugu.ee\/?p=340\"><\/a><\/span>\n<span class=\"post-to-page-readmore\"><a href=\"https:\/\/kirikulugu.ee\/?p=340\">Read more...<\/a><\/span>\n<span class=\"post-to-page-comment-count\">0 comments<\/span>\n<hr class=\"post-to-page-separator\" \/>\n<h2 class=\"post-to-page-title\"><a href=\"https:\/\/kirikulugu.ee\/?p=336\">Ettekande- ja \u00fcldkoosolek Tartus 20.05.2022<\/a><\/h2>\n<span class=\"post-to-page-date\">2022-05-10 08:29:27<\/span>\n<span class=\"post-to-page-author\">admin<\/span>\n<div class=\"post-to-page-content\">\n\n<p>Eesti Kirikuloo Seltsi&nbsp;<strong>kevadine&nbsp;ettekandekoosolek<\/strong>&nbsp;toimub <strong>reedel, 20. mail 2022 kell 15.15<\/strong> <strong>Tartu \u00dclikooli peahoones, \u00dclikooli 18, ruumis 230<\/strong>. Ettekandekoosolekule j\u00e4rgneb seltsi \u00fcldkoosolek, mis on avatud vaid seltsi liikmetele. Seltsi liikmetel, kellel pole v\u00f5imalik osaleda, palume volitada m\u00f5nda teist seltsi liiget.<\/p>\n\n\n\n<p>Koosoleku kavas on seekord \u00fcks ettekanne:<br><a href=\"https:\/\/www.etis.ee\/CV\/Madis_Maasing\/est\" data-type=\"URL\" data-id=\"https:\/\/www.etis.ee\/CV\/Madis_Maasing\/est\">Madis Maasing<\/a> &#8220;Liivimaa piiskoppide ja Rooma sidemed reformatsiooni algusk\u00fcmnenditel&#8221;<\/p>\n\n\n\n<p><br>Ootame rohket osav\u00f5ttu!<\/p>\n\n\n\n<figure class=\"wp-block-image is-resized\"><img decoding=\"async\" loading=\"lazy\" src=\"http:\/\/kirikulugu.ee\/wp-content\/uploads\/Eesti-Kirikuloo-Selts-mai-2022-A4.png\" alt=\"\" class=\"wp-image-337\" width=\"427\" height=\"604\" srcset=\"https:\/\/kirikulugu.ee\/wp-content\/uploads\/Eesti-Kirikuloo-Selts-mai-2022-A4.png 1414w, https:\/\/kirikulugu.ee\/wp-content\/uploads\/Eesti-Kirikuloo-Selts-mai-2022-A4-212x300.png 212w, https:\/\/kirikulugu.ee\/wp-content\/uploads\/Eesti-Kirikuloo-Selts-mai-2022-A4-724x1024.png 724w, https:\/\/kirikulugu.ee\/wp-content\/uploads\/Eesti-Kirikuloo-Selts-mai-2022-A4-768x1086.png 768w, https:\/\/kirikulugu.ee\/wp-content\/uploads\/Eesti-Kirikuloo-Selts-mai-2022-A4-1086x1536.png 1086w\" sizes=\"(max-width: 427px) 100vw, 427px\" \/><\/figure>\n<\/div>\nPosted in: <span class=\"post-to-page-categories\"><a href=\"https:\/\/kirikulugu.ee\/?cat=1\">Teated<\/a><\/span><span class=\"post-to-page-image\"><a href=\"https:\/\/kirikulugu.ee\/?p=336\"><\/a><\/span>\n<span class=\"post-to-page-readmore\"><a href=\"https:\/\/kirikulugu.ee\/?p=336\">Read more...<\/a><\/span>\n<span class=\"post-to-page-comment-count\">0 comments<\/span>\n<hr class=\"post-to-page-separator\" \/>\n\n","protected":false},"excerpt":{"rendered":"","protected":false},"author":1,"featured_media":0,"parent":0,"menu_order":0,"comment_status":"closed","ping_status":"closed","template":"","meta":{"footnotes":""},"_links":{"self":[{"href":"https:\/\/kirikulugu.ee\/index.php?rest_route=\/wp\/v2\/pages\/183"}],"collection":[{"href":"https:\/\/kirikulugu.ee\/index.php?rest_route=\/wp\/v2\/pages"}],"about":[{"href":"https:\/\/kirikulugu.ee\/index.php?rest_route=\/wp\/v2\/types\/page"}],"author":[{"embeddable":true,"href":"https:\/\/kirikulugu.ee\/index.php?rest_route=\/wp\/v2\/users\/1"}],"replies":[{"embeddable":true,"href":"https:\/\/kirikulugu.ee\/index.php?rest_route=%2Fwp%2Fv2%2Fcomments&post=183"}],"version-history":[{"count":8,"href":"https:\/\/kirikulugu.ee\/index.php?rest_route=\/wp\/v2\/pages\/183\/revisions"}],"predecessor-version":[{"id":200,"href":"https:\/\/kirikulugu.ee\/index.php?rest_route=\/wp\/v2\/pages\/183\/revisions\/200"}],"wp:attachment":[{"href":"https:\/\/kirikulugu.ee\/index.php?rest_route=%2Fwp%2Fv2%2Fmedia&parent=183"}],"curies":[{"name":"wp","href":"https:\/\/api.w.org\/{rel}","templated":true}]}}