{"id":12,"date":"2010-10-26T14:38:07","date_gmt":"2010-10-26T12:38:07","guid":{"rendered":"http:\/\/kirikulugu.ee\/v2\/"},"modified":"2015-02-18T16:17:07","modified_gmt":"2015-02-18T16:17:07","slug":"arhiiv","status":"publish","type":"page","link":"https:\/\/kirikulugu.ee\/?page_id=12","title":{"rendered":"Materjalid"},"content":{"rendered":"<p><strong>Kirikuloolisi k\u00e4sitlusi<\/strong><\/p>\n<ul>\n<li>Riho Altnurme <em>&#8211; <\/em><a href=\"http:\/\/usuteadus.ee\/wordpress\/wp-content\/uploads\/2001_2%20(49)\/08_UA_2_200149_Altnurme.pdf\" target=\"_blank\">Kirikulugu ajaloolise teoloogia distsipliinina <\/a><\/li>\n<\/ul>\n<ul>\n<li>Urmas Petti &#8211; <a href=\"http:\/\/usuteadus.ee\/wordpress\/wp-content\/uploads\/2001_2%20(49)\/09_UA_2_200149_Petti.pdf\">Kirikulugu teoloogilise distsipliinina <\/a><\/li>\n<\/ul>\n<ul>\n<li>Riho Saard &#8211; <a href=\"http:\/\/usuteadus.ee\/wordpress\/wp-content\/uploads\/2001_2%20(49)\/10_UA_2_200149_Saard.pdf\" target=\"_blank\">Kirikulugu ajaloolise teoloogia distsipliinina <\/a><\/li>\n<\/ul>\n<ul>\n<li>Andres Andresen &#8211; <a href=\"http:\/\/kirikulugu.ee\/wp-content\/uploads\/Kas-Eesti-kirikuajalugu-on-olemas.pdf\" target=\"_blank\">Kas Eesti kirikuajalugu on olemas?<\/a><\/li>\n<\/ul>\n<ul>\n<li>Riho Altnurme &#8211; <a href=\"http:\/\/kirikulugu.ee\/wp-content\/uploads\/\/Eesti-Kirikuloo-Selts-1997-2001-veebi-2013.pdf\" target=\"_blank\">Eesti Kirikuloo Selts, 1997-2001<\/a><\/li>\n<\/ul>\n<ul>\n<li>Arthur V\u00f5\u00f5bus &#8211; <a href=\"http:\/\/kirikulugu.ee\/wp-content\/uploads\/V\u00f5\u00f5bus_Eesti_kirikuloo_peajooni_A4.pdf\" target=\"_blank\">Eesti kirikuloo peajooni<\/a><\/li>\n<\/ul>\n<ul>\n<li>Toivo Pilli &#8211; <a href=\"http:\/\/kirikulugu.ee\/wp-content\/uploads\/Pilli_American-Baptist-Historical-Society1.pdf\" target=\"_blank\">Research in Baptist History in Eastern Europe: Why?<\/a><\/li>\n<\/ul>\n<p>Kirikuloo-alaseid k\u00e4sitlusi v\u00f5ib leida paljudest <a href=\"http:\/\/www.usuteadus.ee\">Usuteadusliku Ajakirja<\/a> numbritest, samuti <a href=\"http:\/\/www.ra.ee\/et\/tuna\/\">Tuna <\/a>ja <a href=\"http:\/\/ojs.utlib.ee\/index.php\/EAA\">Ajaloolise Ajakirja <\/a>numbritest. Spetsiiflilisest aspektist l\u00e4heneb Eesti kirikuloole Ajaloolise Ajakirja <a href=\"http:\/\/ojs.utlib.ee\/index.php\/EAA\/issue\/view\/51\">erinumber (3-4\/2012)<\/a> &#8220;Religiooni ja ateismi ajaloost Eestis&#8221;.<\/p>\n<p>Pidevalt uueneva \u00fclevaate teaduses aktiivsemalt tegutsevate seltsiliikmete tegevusest saab nende Eesti Teadusinfos\u00fcsteemi (ETIS) kodulehek\u00fclgedelt: <a href=\"https:\/\/www.etis.ee\/portaal\/isikuCV.aspx?TextBoxName=Riho%20Altnurme&amp;PersonVID=36753&amp;lang=et&amp;FromUrl0=isikud.aspx\">Riho Altnurme<\/a>, <a href=\"https:\/\/www.etis.ee\/portaal\/isikuCV.aspx?TextBoxName=Priit%20Rohtmets&amp;PersonVID=41212&amp;lang=et&amp;FromUrl0=isikud.aspx\">Priit Rohtmets<\/a>, <a href=\"https:\/\/www.etis.ee\/portaal\/isikuCV.aspx?TextBoxName=toivo%20pilli&amp;PersonVID=61346&amp;lang=et&amp;FromUrl0=isikud.aspx\">Toivo Pilli<\/a>, <a href=\"https:\/\/www.etis.ee\/portaal\/isikuCV.aspx?TextBoxName=ursula+haava&amp;PersonVID=52472&amp;lang=et&amp;FromUrl0=isikud.aspx\">Ursula Haava<\/a>, <a href=\"https:\/\/www.etis.ee\/portaal\/isikuCV.aspx?PersonVID=40045&amp;lang=et\">Atko Remmel<\/a>, <a href=\"https:\/\/www.etis.ee\/portaal\/isikuCV.aspx?PersonVID=1368&amp;lang=et\">Andres Andresen<\/a>, <a href=\"https:\/\/www.etis.ee\/portaal\/isikuCV.aspx?TextBoxName=andrei%20s%C3%B5t%C5%A1ov&amp;PersonVID=40473&amp;lang=et&amp;FromUrl0=isikud.aspx\">Andrei S\u00f5t\u0161ov<\/a>, <a href=\"https:\/\/www.etis.ee\/portaal\/isikuCV.aspx?TextBoxName=Kaia%20Ivask&amp;PersonVID=59227&amp;lang=et&amp;FromUrl0=isikud.aspx\">Kaia Ivask<\/a>, <a href=\"https:\/\/www.etis.ee\/portaal\/isikuCV.aspx?TextBoxName=Peeter%20Espak&amp;PersonVID=41823&amp;lang=et&amp;FromUrl0=isikud.aspx\">Peeter Espak<\/a>, <a href=\"https:\/\/www.etis.ee\/portaal\/isikuCV.aspx?TextBoxName=Riho%20Saard&amp;PersonVID=54500&amp;lang=et&amp;FromUrl0=isikud.aspx\">Riho Saard<\/a>, <a href=\"https:\/\/www.etis.ee\/portaal\/isikuCV.aspx?TextBoxName=Andres%20Saumets&amp;PersonVID=3924&amp;lang=et&amp;FromUrl0=isikud.aspx\">Andres Saumets<\/a>, <a href=\"https:\/\/www.etis.ee\/portaal\/isikuCV.aspx?TextBoxName=Tiina%20Kala&amp;PersonVID=3282&amp;lang=et&amp;FromUrl0=isikud.aspx\">Tiina Kala<\/a>, <a href=\"https:\/\/www.etis.ee\/portaal\/isikuCV.aspx?TextBoxName=Toomas%20Schvak&amp;PersonVID=44146&amp;lang=et&amp;FromUrl0=isikud.aspx\">Toomas Schvak<\/a>, <a href=\"https:\/\/www.etis.ee\/portaal\/isikuCV.aspx?TextBoxName=Triin Vakker&amp;PersonVID=42423&amp;lang=et&amp;FromUrl0=isikud.aspx\">Triin Vakker<\/a>, <a href=\"https:\/\/www.etis.ee\/portaal\/isikuCV.aspx?TextBoxName=Triin%20K%C3%A4pp&amp;PersonVID=55779&amp;lang=et&amp;FromUrl0=isikud.aspx\">Triin K\u00e4pp<\/a>, <a href=\"https:\/\/www.etis.ee\/portaal\/isikuPublikatsioonid.aspx?TextBoxName=Veiko+Vihuri&amp;PersonVID=40141&amp;lang=et&amp;FromUrl0=isikud.aspx\">Veiko Vihuri<\/a>, <a href=\"https:\/\/www.etis.ee\/portaal\/isikuCV.aspx?TextBoxName=Mariina%20Viia&amp;PersonVID=40312&amp;lang=et&amp;FromUrl0=isikud.aspx\">Mariina Viia<\/a>.<\/p>\n<p><strong>Muud<\/strong><\/p>\n<ul>\n<li>Viitehaldusprogrammi <strong>Zotero <\/strong>Eesti kontekstile kohaldatud <a href=\"http:\/\/kirikulugu.ee\/wp-content\/uploads\/Eesti_2012.zip\" target=\"_blank\">viitamisstiil<\/a><\/li>\n<\/ul>\n","protected":false},"excerpt":{"rendered":"<p>Kirikuloolisi k\u00e4sitlusi Riho Altnurme &#8211; Kirikulugu ajaloolise teoloogia distsipliinina Urmas Petti &#8211; Kirikulugu teoloogilise distsipliinina Riho Saard &#8211; Kirikulugu ajaloolise teoloogia distsipliinina Andres Andresen &#8211; Kas Eesti kirikuajalugu on olemas? Riho Altnurme &#8211; Eesti Kirikuloo Selts, 1997-2001 Arthur V\u00f5\u00f5bus &#8211; &hellip; <a href=\"https:\/\/kirikulugu.ee\/?page_id=12\">J\u00e4tka lugemist <span class=\"meta-nav\">&rarr;<\/span><\/a><\/p>\n","protected":false},"author":1,"featured_media":0,"parent":0,"menu_order":2,"comment_status":"closed","ping_status":"closed","template":"","meta":{"footnotes":""},"_links":{"self":[{"href":"https:\/\/kirikulugu.ee\/index.php?rest_route=\/wp\/v2\/pages\/12"}],"collection":[{"href":"https:\/\/kirikulugu.ee\/index.php?rest_route=\/wp\/v2\/pages"}],"about":[{"href":"https:\/\/kirikulugu.ee\/index.php?rest_route=\/wp\/v2\/types\/page"}],"author":[{"embeddable":true,"href":"https:\/\/kirikulugu.ee\/index.php?rest_route=\/wp\/v2\/users\/1"}],"replies":[{"embeddable":true,"href":"https:\/\/kirikulugu.ee\/index.php?rest_route=%2Fwp%2Fv2%2Fcomments&post=12"}],"version-history":[{"count":14,"href":"https:\/\/kirikulugu.ee\/index.php?rest_route=\/wp\/v2\/pages\/12\/revisions"}],"predecessor-version":[{"id":237,"href":"https:\/\/kirikulugu.ee\/index.php?rest_route=\/wp\/v2\/pages\/12\/revisions\/237"}],"wp:attachment":[{"href":"https:\/\/kirikulugu.ee\/index.php?rest_route=%2Fwp%2Fv2%2Fmedia&parent=12"}],"curies":[{"name":"wp","href":"https:\/\/api.w.org\/{rel}","templated":true}]}}